{"id":80,"date":"2019-10-15T02:55:13","date_gmt":"2019-10-15T00:55:13","guid":{"rendered":"http:\/\/marekjasinski.org.pl\/?page_id=80"},"modified":"2019-10-15T02:59:47","modified_gmt":"2019-10-15T00:59:47","slug":"kontakt","status":"publish","type":"page","link":"https:\/\/marekjasinski.org.pl\/?page_id=80","title":{"rendered":"Kontakt"},"content":{"rendered":"\n<p><strong>Stowarzyszenie im. Profesora Marka Jasi\u0144skiego<\/strong><br><br>70-497 Szczecin<br>ul. Wyspia\u0144skiego 1<br>tel. 91 423 88 88, fax 91 421 21 88<\/p>\n\n\n\n<p><br>konto: Bank Millennium<br>Nr 85 1160 2202 0000 0001 7231 5603<br>REGON 320916524, NIP 856-183-62-72<br>Numer KRS 0000368518<br><br>e-mail:&nbsp;<a href=\"mailto:stowjasinski@onet.pl\">stowjasinski@onet.pl<\/a><br><a href=\"http:\/\/www.marekjasinski.org.pl\/\">www.marekjasinski.org.pl<\/a><br><br>Zarz\u0105d Stowarzyszenia<br><br>Prezes \u2013&nbsp;<a href=\"http:\/\/www.marekjasinski.org.pl\/Prezes_s3_k7_t14_st0.php\">Iwona Charkiewicz<\/a><br>Tel. +48 503-382-444<br><br>Wiceprezes \u2013 Alina Jasi\u0144ska<br>Tel. +48 605-859-054<br><br>Sekretarz \u2013 Kamilla Szyd\u0142owska-K\u0119pi\u0144ska<\/p>\n","protected":false},"excerpt":{"rendered":"<p>Stowarzyszenie im. Profesora Marka Jasi\u0144skiego 70-497 Szczecinul. Wyspia\u0144skiego 1tel. 91 423 88 88, fax 91 421 21 88 konto: Bank MillenniumNr 85 1160 2202 0000 0001 7231 5603REGON 320916524, NIP 856-183-62-72Numer KRS 0000368518 e-mail:&nbsp;stowjasinski@onet.plwww.marekjasinski.org.pl Zarz\u0105d Stowarzyszenia Prezes \u2013&nbsp;Iwona CharkiewiczTel. +48 503-382-444 Wiceprezes \u2013 Alina Jasi\u0144skaTel. +48 605-859-054 Sekretarz \u2013 Kamilla Szyd\u0142owska-K\u0119pi\u0144ska<\/p>\n","protected":false},"author":1,"featured_media":0,"parent":44,"menu_order":0,"comment_status":"closed","ping_status":"closed","template":"","meta":[],"_links":{"self":[{"href":"https:\/\/marekjasinski.org.pl\/index.php?rest_route=\/wp\/v2\/pages\/80"}],"collection":[{"href":"https:\/\/marekjasinski.org.pl\/index.php?rest_route=\/wp\/v2\/pages"}],"about":[{"href":"https:\/\/marekjasinski.org.pl\/index.php?rest_route=\/wp\/v2\/types\/page"}],"author":[{"embeddable":true,"href":"https:\/\/marekjasinski.org.pl\/index.php?rest_route=\/wp\/v2\/users\/1"}],"replies":[{"embeddable":true,"href":"https:\/\/marekjasinski.org.pl\/index.php?rest_route=%2Fwp%2Fv2%2Fcomments&post=80"}],"version-history":[{"count":1,"href":"https:\/\/marekjasinski.org.pl\/index.php?rest_route=\/wp\/v2\/pages\/80\/revisions"}],"predecessor-version":[{"id":81,"href":"https:\/\/marekjasinski.org.pl\/index.php?rest_route=\/wp\/v2\/pages\/80\/revisions\/81"}],"up":[{"embeddable":true,"href":"https:\/\/marekjasinski.org.pl\/index.php?rest_route=\/wp\/v2\/pages\/44"}],"wp:attachment":[{"href":"https:\/\/marekjasinski.org.pl\/index.php?rest_route=%2Fwp%2Fv2%2Fmedia&parent=80"}],"curies":[{"name":"wp","href":"https:\/\/api.w.org\/{rel}","templated":true}]}}