{"id":44,"date":"2019-10-14T23:08:48","date_gmt":"2019-10-14T23:08:48","guid":{"rendered":"http:\/\/marekjasinski.org.pl\/?page_id=44"},"modified":"2019-10-14T23:25:42","modified_gmt":"2019-10-14T23:25:42","slug":"o-nas","status":"publish","type":"page","link":"https:\/\/marekjasinski.org.pl\/?page_id=44","title":{"rendered":"O nas"},"content":{"rendered":"\n<h2>Geneza powstania Stowarzyszenia<\/h2>\n\n\n\n<figure class=\"wp-block-image\"><a href=\"http:\/\/marekjasinski.org.pl\/?page_id=33\"><img src=\"http:\/\/marekjasinski.org.pl\/wp-content\/uploads\/2019\/10\/wiecej-c.png\" alt=\"Czytaj dalej\"><\/a><\/figure>\n\n\n\n<p>Geneza powstania Stowarzyszenia zrodzi\u0142a si\u0119 w naszych sercach w dniu pogrzebu Profesora Marka Jasi\u0144skiego, wielkiego szczeci\u0144skiego kompozytora, wspania\u0142ego cz\u0142owieka, filozofa i&nbsp; przyjaciela. Potrzeb\u0119 utworzenia Stowarzyszenia najlepiej wyra\u017c\u0105 s\u0142owa preambu\u0142y do naszego Statutu:<\/p>\n\n\n\n<h2>Statut Stowarzyszenia<\/h2>\n\n\n\n<p style=\"text-align:left\">My Iwona Charkiewicz i Alina\nJasi\u0144ska w trosce o tw\u00f3rczo\u015b\u0107 Profesora Marka Jasi\u0144skiego b\u0119d\u0105c\u0105 \u017ar\u00f3d\u0142em\nwielkich i niepodwa\u017calnych warto\u015bci: pi\u0119kna, dobra, prawdy i g\u0142\u0119bokiej wiary,\nzobowi\u0105zane do przekazania obecnym i przysz\u0142ym pokoleniom cennego dorobku\nkompozytorskiego Profesora, \u015bwiadome potrzeb propagowania sztuki na najwy\u017cszym\npoziomie, kszta\u0142tuj\u0105cej gusty i potrzeby odbiorc\u00f3w, ustanawiamy<\/p>\n\n\n\n<p>\u201eStowarzyszenie im.\nProfesora Marka Jasi\u0144skiego\u201d<\/p>\n\n\n\n<p>&nbsp;oparte na wsp\u00f3\u0142dzia\u0142aniu i wsp\u00f3\u0142pracy os\u00f3b,\nkt\u00f3rym wy\u017cej wymienione warto\u015bci s\u0105 bliskie.<\/p>\n\n\n\n<figure class=\"wp-block-image\"><a href=\"http:\/\/marekjasinski.org.pl\/?page_id=31\"><img src=\"http:\/\/marekjasinski.org.pl\/wp-content\/uploads\/2019\/10\/wiecej-c.png\" alt=\"Czytaj dalej\"\/><\/a><\/figure>\n\n\n\n<h2><br><br><\/br><\/br><\/h2>\n\n\n\n<h2>W\u0142adze Stowarzyszenia:<\/h2>\n\n\n\n<h4>PREZES<\/h4>\n\n\n\n<p><strong>Iwona Charkiewicz<\/strong><\/p>\n\n\n\n<div class=\"wp-block-image\"><figure class=\"alignright\"><img loading=\"lazy\" width=\"194\" height=\"130\" src=\"http:\/\/marekjasinski.org.pl\/wp-content\/uploads\/2019\/10\/Prezes_it14_r_194x800.jpg\" alt=\"\" class=\"wp-image-36\"\/><\/figure><\/div>\n\n\n\n<p>Tel. +48 503-382-444<\/p>\n\n\n\n<figure class=\"wp-block-image\"><a href=\"http:\/\/marekjasinski.org.pl\/?page_id=35\"><img src=\"http:\/\/marekjasinski.org.pl\/wp-content\/uploads\/2019\/10\/wiecej-c.png\" alt=\"Czytaj dalej\"\/><\/a><\/figure>\n\n\n\n<h4>WICEPREZES<\/h4>\n\n\n\n<div class=\"wp-block-image\"><figure class=\"alignright\"><img loading=\"lazy\" width=\"194\" height=\"130\" src=\"http:\/\/marekjasinski.org.pl\/wp-content\/uploads\/2019\/10\/Wiceprezes_it15_r_194x800.jpg\" alt=\"\" class=\"wp-image-39\"\/><\/figure><\/div>\n\n\n\n<p><strong>Alina Jasi\u0144ska<\/strong><\/p>\n\n\n\n<p>Tel. +48 605-859-054<\/p>\n\n\n\n<figure class=\"wp-block-image\"><a href=\"http:\/\/marekjasinski.org.pl\/?page_id=38\"><img src=\"http:\/\/marekjasinski.org.pl\/wp-content\/uploads\/2019\/10\/wiecej-c.png\" alt=\"Czytaj dalej\"\/><\/a><\/figure>\n\n\n\n<h4>SEKRETARZ<\/h4>\n\n\n\n<div class=\"wp-block-image\"><figure class=\"alignright is-resized\"><img loading=\"lazy\" src=\"http:\/\/marekjasinski.org.pl\/wp-content\/uploads\/2019\/10\/Sekretarz.jpg\" alt=\"\" class=\"wp-image-42\" width=\"193\" height=\"193\" srcset=\"https:\/\/marekjasinski.org.pl\/wp-content\/uploads\/2019\/10\/Sekretarz.jpg 530w, https:\/\/marekjasinski.org.pl\/wp-content\/uploads\/2019\/10\/Sekretarz-150x150.jpg 150w, https:\/\/marekjasinski.org.pl\/wp-content\/uploads\/2019\/10\/Sekretarz-300x300.jpg 300w, https:\/\/marekjasinski.org.pl\/wp-content\/uploads\/2019\/10\/Sekretarz-194x194.jpg 194w\" sizes=\"(max-width: 193px) 100vw, 193px\" \/><\/figure><\/div>\n\n\n\n<p><strong>Kamilla Szyd\u0142owska-K\u0119pi\u0144ska<\/strong><\/p>\n\n\n\n<figure class=\"wp-block-image\"><a href=\"http:\/\/marekjasinski.org.pl\/?page_id=41\"><img src=\"http:\/\/marekjasinski.org.pl\/wp-content\/uploads\/2019\/10\/wiecej-c.png\" alt=\"Czytaj dalej\"\/><\/a><\/figure>\n","protected":false},"excerpt":{"rendered":"<p>Geneza powstania Stowarzyszenia Geneza powstania Stowarzyszenia zrodzi\u0142a si\u0119 w naszych sercach w dniu pogrzebu Profesora Marka Jasi\u0144skiego, wielkiego szczeci\u0144skiego kompozytora, wspania\u0142ego cz\u0142owieka, filozofa i&nbsp; przyjaciela. Potrzeb\u0119 utworzenia Stowarzyszenia najlepiej wyra\u017c\u0105 s\u0142owa preambu\u0142y do naszego Statutu: Statut Stowarzyszenia My Iwona Charkiewicz i Alina Jasi\u0144ska w trosce o tw\u00f3rczo\u015b\u0107 Profesora Marka Jasi\u0144skiego b\u0119d\u0105c\u0105 \u017ar\u00f3d\u0142em wielkich i niepodwa\u017calnych [&hellip;]<\/p>\n","protected":false},"author":1,"featured_media":0,"parent":0,"menu_order":0,"comment_status":"closed","ping_status":"closed","template":"","meta":[],"_links":{"self":[{"href":"https:\/\/marekjasinski.org.pl\/index.php?rest_route=\/wp\/v2\/pages\/44"}],"collection":[{"href":"https:\/\/marekjasinski.org.pl\/index.php?rest_route=\/wp\/v2\/pages"}],"about":[{"href":"https:\/\/marekjasinski.org.pl\/index.php?rest_route=\/wp\/v2\/types\/page"}],"author":[{"embeddable":true,"href":"https:\/\/marekjasinski.org.pl\/index.php?rest_route=\/wp\/v2\/users\/1"}],"replies":[{"embeddable":true,"href":"https:\/\/marekjasinski.org.pl\/index.php?rest_route=%2Fwp%2Fv2%2Fcomments&post=44"}],"version-history":[{"count":7,"href":"https:\/\/marekjasinski.org.pl\/index.php?rest_route=\/wp\/v2\/pages\/44\/revisions"}],"predecessor-version":[{"id":55,"href":"https:\/\/marekjasinski.org.pl\/index.php?rest_route=\/wp\/v2\/pages\/44\/revisions\/55"}],"wp:attachment":[{"href":"https:\/\/marekjasinski.org.pl\/index.php?rest_route=%2Fwp%2Fv2%2Fmedia&parent=44"}],"curies":[{"name":"wp","href":"https:\/\/api.w.org\/{rel}","templated":true}]}}