{"id":41,"date":"2019-10-14T22:41:09","date_gmt":"2019-10-14T22:41:09","guid":{"rendered":"http:\/\/marekjasinski.org.pl\/?page_id=41"},"modified":"2019-10-14T22:47:27","modified_gmt":"2019-10-14T22:47:27","slug":"sekretarz","status":"publish","type":"page","link":"https:\/\/marekjasinski.org.pl\/?page_id=41","title":{"rendered":"Sekretarz"},"content":{"rendered":"\n<p><strong>Kamilla Szyd\u0142owska-K\u0119pi\u0144ska<\/strong><\/p>\n\n\n\n<div class=\"wp-block-image\"><figure class=\"alignright is-resized\"><img loading=\"lazy\" src=\"http:\/\/marekjasinski.org.pl\/wp-content\/uploads\/2019\/10\/Sekretarz.jpg\" alt=\"\" class=\"wp-image-42\" width=\"173\" height=\"173\" srcset=\"https:\/\/marekjasinski.org.pl\/wp-content\/uploads\/2019\/10\/Sekretarz.jpg 530w, https:\/\/marekjasinski.org.pl\/wp-content\/uploads\/2019\/10\/Sekretarz-150x150.jpg 150w, https:\/\/marekjasinski.org.pl\/wp-content\/uploads\/2019\/10\/Sekretarz-300x300.jpg 300w, https:\/\/marekjasinski.org.pl\/wp-content\/uploads\/2019\/10\/Sekretarz-194x194.jpg 194w\" sizes=\"(max-width: 173px) 100vw, 173px\" \/><\/figure><\/div>\n\n\n\n<p>Dyrektor Zesp\u00f3\u0142 Szk\u00f3\u0142 Publicznych w Kliniskach Wielkich, magister Akademii muzycznej w Poznaniu &#8211; Filia w Szczecinie.<\/p>\n","protected":false},"excerpt":{"rendered":"<p>Kamilla Szyd\u0142owska-K\u0119pi\u0144ska Dyrektor Zesp\u00f3\u0142 Szk\u00f3\u0142 Publicznych w Kliniskach Wielkich, magister Akademii muzycznej w Poznaniu &#8211; Filia w Szczecinie.<\/p>\n","protected":false},"author":1,"featured_media":0,"parent":0,"menu_order":0,"comment_status":"closed","ping_status":"closed","template":"","meta":[],"_links":{"self":[{"href":"https:\/\/marekjasinski.org.pl\/index.php?rest_route=\/wp\/v2\/pages\/41"}],"collection":[{"href":"https:\/\/marekjasinski.org.pl\/index.php?rest_route=\/wp\/v2\/pages"}],"about":[{"href":"https:\/\/marekjasinski.org.pl\/index.php?rest_route=\/wp\/v2\/types\/page"}],"author":[{"embeddable":true,"href":"https:\/\/marekjasinski.org.pl\/index.php?rest_route=\/wp\/v2\/users\/1"}],"replies":[{"embeddable":true,"href":"https:\/\/marekjasinski.org.pl\/index.php?rest_route=%2Fwp%2Fv2%2Fcomments&post=41"}],"version-history":[{"count":1,"href":"https:\/\/marekjasinski.org.pl\/index.php?rest_route=\/wp\/v2\/pages\/41\/revisions"}],"predecessor-version":[{"id":43,"href":"https:\/\/marekjasinski.org.pl\/index.php?rest_route=\/wp\/v2\/pages\/41\/revisions\/43"}],"wp:attachment":[{"href":"https:\/\/marekjasinski.org.pl\/index.php?rest_route=%2Fwp%2Fv2%2Fmedia&parent=41"}],"curies":[{"name":"wp","href":"https:\/\/api.w.org\/{rel}","templated":true}]}}