{"id":38,"date":"2019-10-14T22:24:00","date_gmt":"2019-10-14T22:24:00","guid":{"rendered":"http:\/\/marekjasinski.org.pl\/?page_id=38"},"modified":"2019-10-14T22:24:01","modified_gmt":"2019-10-14T22:24:01","slug":"wiceprezes","status":"publish","type":"page","link":"https:\/\/marekjasinski.org.pl\/?page_id=38","title":{"rendered":"Wiceprezes"},"content":{"rendered":"\n<p><strong>Alina Jasi\u0144ska<\/strong><\/p>\n\n\n\n<p>Tel. +48 605-859-054<\/p>\n\n\n\n<div class=\"wp-block-image\"><figure class=\"alignright\"><img loading=\"lazy\" width=\"194\" height=\"130\" src=\"http:\/\/marekjasinski.org.pl\/wp-content\/uploads\/2019\/10\/Wiceprezes_it15_r_194x800.jpg\" alt=\"\" class=\"wp-image-39\"\/><\/figure><\/div>\n\n\n\n<p><strong>Alina Jasi\u0144ska<\/strong>&nbsp;\u017cona Marka Jasi\u0144skiego, z wykszta\u0142cenia muzyk, jedno dziecko &#8211; c\u00f3rka Aleksandra. Pocz\u0105tkowo zwi\u0105zana z amatorskim ch\u00f3rem mieszanym &#8222;RAPSODIA&#8221;, pe\u0142ni\u0105c funkcj\u0119 akompaniatora a p\u00f3\u017aniej dyrygenta.<\/p>\n\n\n\n<p>Obecnie jest dyrektorem i w\u0142a\u015bcicielem Prywatnej Szko\u0142y Muzycznej I stopnia \u201eCantilena\u201d&nbsp; w Szczecinie, kt\u00f3r\u0105 za\u0142o\u017cy\u0142a w 1995 r.<\/p>\n","protected":false},"excerpt":{"rendered":"<p>Alina Jasi\u0144ska Tel. +48 605-859-054 Alina Jasi\u0144ska&nbsp;\u017cona Marka Jasi\u0144skiego, z wykszta\u0142cenia muzyk, jedno dziecko &#8211; c\u00f3rka Aleksandra. Pocz\u0105tkowo zwi\u0105zana z amatorskim ch\u00f3rem mieszanym &#8222;RAPSODIA&#8221;, pe\u0142ni\u0105c funkcj\u0119 akompaniatora a p\u00f3\u017aniej dyrygenta. Obecnie jest dyrektorem i w\u0142a\u015bcicielem Prywatnej Szko\u0142y Muzycznej I stopnia \u201eCantilena\u201d&nbsp; w Szczecinie, kt\u00f3r\u0105 za\u0142o\u017cy\u0142a w 1995 r.<\/p>\n","protected":false},"author":1,"featured_media":0,"parent":0,"menu_order":0,"comment_status":"closed","ping_status":"closed","template":"","meta":[],"_links":{"self":[{"href":"https:\/\/marekjasinski.org.pl\/index.php?rest_route=\/wp\/v2\/pages\/38"}],"collection":[{"href":"https:\/\/marekjasinski.org.pl\/index.php?rest_route=\/wp\/v2\/pages"}],"about":[{"href":"https:\/\/marekjasinski.org.pl\/index.php?rest_route=\/wp\/v2\/types\/page"}],"author":[{"embeddable":true,"href":"https:\/\/marekjasinski.org.pl\/index.php?rest_route=\/wp\/v2\/users\/1"}],"replies":[{"embeddable":true,"href":"https:\/\/marekjasinski.org.pl\/index.php?rest_route=%2Fwp%2Fv2%2Fcomments&post=38"}],"version-history":[{"count":1,"href":"https:\/\/marekjasinski.org.pl\/index.php?rest_route=\/wp\/v2\/pages\/38\/revisions"}],"predecessor-version":[{"id":40,"href":"https:\/\/marekjasinski.org.pl\/index.php?rest_route=\/wp\/v2\/pages\/38\/revisions\/40"}],"wp:attachment":[{"href":"https:\/\/marekjasinski.org.pl\/index.php?rest_route=%2Fwp%2Fv2%2Fmedia&parent=38"}],"curies":[{"name":"wp","href":"https:\/\/api.w.org\/{rel}","templated":true}]}}