{"id":35,"date":"2019-10-14T22:22:04","date_gmt":"2019-10-14T22:22:04","guid":{"rendered":"http:\/\/marekjasinski.org.pl\/?page_id=35"},"modified":"2019-10-14T22:22:04","modified_gmt":"2019-10-14T22:22:04","slug":"prezes","status":"publish","type":"page","link":"https:\/\/marekjasinski.org.pl\/?page_id=35","title":{"rendered":"Prezes"},"content":{"rendered":"\n<p><strong>Iwona Charkiewicz<\/strong><\/p>\n\n\n\n<p>Tel. +48 503-382-444<\/p>\n\n\n\n<p><strong>IWONA CHARKIEWICZ<\/strong>&nbsp;urodzona w Rzeszowie.<\/p>\n\n\n\n<div class=\"wp-block-image\"><figure class=\"alignright\"><img loading=\"lazy\" width=\"194\" height=\"130\" src=\"http:\/\/marekjasinski.org.pl\/wp-content\/uploads\/2019\/10\/Prezes_it14_r_194x800.jpg\" alt=\"\" class=\"wp-image-36\"\/><\/figure><\/div>\n\n\n\n<p>Absolwentka Wydzia\u0142u Wychowania Muzycznego Akademii Muzycznej w&nbsp;Krakowie. Kierownik Studium Kultury Zachodniopomorskiego Uniwersytetu Technologicznego w Szczecinie.<\/p>\n\n\n\n<p>Dzia\u0142alno\u015b\u0107 artystyczna od pocz\u0105tku \u015bci\u015ble zwi\u0105zana z Ch\u00f3rem Akademickim Politechniki Szczeci\u0144skiej obecnie Ch\u00f3rem Akademickim im. prof. Jana Szyrockiego ZUT. Przez wiele lat blisko wsp\u00f3\u0142pracowa\u0142a z jego za\u0142o\u017cycielem i&nbsp;&nbsp;dyrygentem profesorem Janem Szyrockim. Kierownik i dyrygent Zespo\u0142u Przygotowawczego (Zespo\u0142u M\u0142odych CHAPS) stanowi\u0105cego wa\u017cne zaplecze dla utrzymania sta\u0142ej liczebno\u015bci i wysokiego poziomu artystycznego Zespo\u0142u Koncertuj\u0105cego.<\/p>\n\n\n\n<p>Jako dyrygent&nbsp; z Zespo\u0142em M\u0142odych u\u015bwietnia wyst\u0119pami uroczysto\u015bci na Uczelni oraz imprezy kulturalne i&nbsp;&nbsp;&nbsp;okoliczno\u015bciowe w mie\u015bcie i&nbsp;regionie. Niejednokrotnie zapraszana do dyrygowania Zespo\u0142em Koncertuj\u0105cym CHAPS.<\/p>\n\n\n\n<p>Wyr\u00f3\u017cniona licznymi medalami i nagrodami Rektora Politechniki Szczeci\u0144skiej, obecnie Zachodniopomorskiego Uniwersytetu Technologicznego w Szczecinie, Dyplomem Zarz\u0105du Oddzia\u0142u Wojew\u00f3dzkiego Polskiego Zwi\u0105zku Ch\u00f3r\u00f3w i&nbsp;Orkiestr za osi\u0105gni\u0119cia w spo\u0142ecznym ruchu \u015bpiewaczym, Honorowymi Odznakami za zas\u0142ugi w pracy spo\u0142ecznej od&nbsp;&nbsp;Polskiego Zwi\u0105zku Ch\u00f3r\u00f3w i&nbsp;Orkiestr, Honorowym tytu\u0142em: Primus Inter Pares za osobiste \u015bwiadectwo jedno\u015bci Wiary i&nbsp;&nbsp;\u017bycia, Br\u0105zowym Krzy\u017cem Zas\u0142ugi przyznanym przez Prezydenta Rzeczypospolitej Polskiej, Medalem Komisji Edukacji Narodowej.<\/p>\n\n\n\n<p>W 2008 roku uzyska\u0142a stopie\u0144 doktora sztuki muzycznej w dyscyplinie artystycznej dyrygentura. Tematem pracy doktorskiej by\u0142 j\u0119zyk muzyczny Marka Jasi\u0144skiego \u2013 mi\u0119dzy tradycj\u0105 i wsp\u00f3\u0142czesno\u015bci\u0105.<\/p>\n\n\n\n<p>W ramach przewodu doktorskiego wykona\u0142a pierwszy monograficzny koncert wybranych utwor\u00f3w wokalnych i&nbsp;wokalno instrumentalnych Marka Jasi\u0144skiego.<\/p>\n","protected":false},"excerpt":{"rendered":"<p>Iwona Charkiewicz Tel. +48 503-382-444 IWONA CHARKIEWICZ&nbsp;urodzona w Rzeszowie. Absolwentka Wydzia\u0142u Wychowania Muzycznego Akademii Muzycznej w&nbsp;Krakowie. Kierownik Studium Kultury Zachodniopomorskiego Uniwersytetu Technologicznego w Szczecinie. Dzia\u0142alno\u015b\u0107 artystyczna od pocz\u0105tku \u015bci\u015ble zwi\u0105zana z Ch\u00f3rem Akademickim Politechniki Szczeci\u0144skiej obecnie Ch\u00f3rem Akademickim im. prof. Jana Szyrockiego ZUT. Przez wiele lat blisko wsp\u00f3\u0142pracowa\u0142a z jego za\u0142o\u017cycielem i&nbsp;&nbsp;dyrygentem profesorem Janem Szyrockim. [&hellip;]<\/p>\n","protected":false},"author":1,"featured_media":0,"parent":0,"menu_order":0,"comment_status":"closed","ping_status":"closed","template":"","meta":[],"_links":{"self":[{"href":"https:\/\/marekjasinski.org.pl\/index.php?rest_route=\/wp\/v2\/pages\/35"}],"collection":[{"href":"https:\/\/marekjasinski.org.pl\/index.php?rest_route=\/wp\/v2\/pages"}],"about":[{"href":"https:\/\/marekjasinski.org.pl\/index.php?rest_route=\/wp\/v2\/types\/page"}],"author":[{"embeddable":true,"href":"https:\/\/marekjasinski.org.pl\/index.php?rest_route=\/wp\/v2\/users\/1"}],"replies":[{"embeddable":true,"href":"https:\/\/marekjasinski.org.pl\/index.php?rest_route=%2Fwp%2Fv2%2Fcomments&post=35"}],"version-history":[{"count":1,"href":"https:\/\/marekjasinski.org.pl\/index.php?rest_route=\/wp\/v2\/pages\/35\/revisions"}],"predecessor-version":[{"id":37,"href":"https:\/\/marekjasinski.org.pl\/index.php?rest_route=\/wp\/v2\/pages\/35\/revisions\/37"}],"wp:attachment":[{"href":"https:\/\/marekjasinski.org.pl\/index.php?rest_route=%2Fwp%2Fv2%2Fmedia&parent=35"}],"curies":[{"name":"wp","href":"https:\/\/api.w.org\/{rel}","templated":true}]}}