{"id":33,"date":"2019-10-14T22:15:51","date_gmt":"2019-10-14T22:15:51","guid":{"rendered":"http:\/\/marekjasinski.org.pl\/?page_id=33"},"modified":"2019-10-14T22:15:52","modified_gmt":"2019-10-14T22:15:52","slug":"geneza","status":"publish","type":"page","link":"https:\/\/marekjasinski.org.pl\/?page_id=33","title":{"rendered":"Geneza"},"content":{"rendered":"\n<p>Geneza powstania Stowarzyszenia zrodzi\u0142a si\u0119 w naszych sercach w dniu pogrzebu Profesora Marka Jasi\u0144skiego, wielkiego szczeci\u0144skiego kompozytora, wspania\u0142ego cz\u0142owieka, filozofa i&nbsp; przyjaciela. Potrzeb\u0119 utworzenia Stowarzyszenia najlepiej wyra\u017c\u0105 s\u0142owa preambu\u0142y do naszego Statutu:<\/p>\n\n\n\n<p><em>My Iwona Charkiewicz i Alina Jasi\u0144ska<\/em><br><em>w trosce o tw\u00f3rczo\u015b\u0107 Profesora Marka Jasi\u0144skiego<\/em><br><em>b\u0119d\u0105c\u0105 \u017ar\u00f3d\u0142em wielkich i niepodwa\u017calnych warto\u015bci:<\/em><br><em>pi\u0119kna, dobra, prawdy i g\u0142\u0119bokiej wiary,<\/em><br><em>zobowi\u0105zane do przekazania obecnym i przysz\u0142ym pokoleniom<\/em><br><em>cennego dorobku kompozytorskiego Profesora,<\/em><br><em>\u015bwiadome potrzeb propagowania sztuki na najwy\u017cszym poziomie,<\/em><br><em>kszta\u0142tuj\u0105cej gusty i potrzeby odbiorc\u00f3w,<\/em><br><em>ustanawiamy<\/em><br><em>\u201eStowarzyszenie im. Profesora Marka Jasi\u0144skiego\u201d<\/em><br><em>oparte na wsp\u00f3\u0142dzia\u0142aniu i wsp\u00f3\u0142pracy os\u00f3b,<\/em><br><em>kt\u00f3rym wy\u017cej wymienione warto\u015bci s\u0105 bliskie.<\/em><\/p>\n\n\n\n<p>W my\u015bl s\u0142\u00f3w preambu\u0142y do Stowarzyszenia przyst\u0105pili wybitni muzycy, dziennikarze, nauczyciele, architekci i ludzie sztuki.<\/p>\n","protected":false},"excerpt":{"rendered":"<p>Geneza powstania Stowarzyszenia zrodzi\u0142a si\u0119 w naszych sercach w dniu pogrzebu Profesora Marka Jasi\u0144skiego, wielkiego szczeci\u0144skiego kompozytora, wspania\u0142ego cz\u0142owieka, filozofa i&nbsp; przyjaciela. Potrzeb\u0119 utworzenia Stowarzyszenia najlepiej wyra\u017c\u0105 s\u0142owa preambu\u0142y do naszego Statutu: My Iwona Charkiewicz i Alina Jasi\u0144skaw trosce o tw\u00f3rczo\u015b\u0107 Profesora Marka Jasi\u0144skiegob\u0119d\u0105c\u0105 \u017ar\u00f3d\u0142em wielkich i niepodwa\u017calnych warto\u015bci:pi\u0119kna, dobra, prawdy i g\u0142\u0119bokiej wiary,zobowi\u0105zane do [&hellip;]<\/p>\n","protected":false},"author":1,"featured_media":0,"parent":0,"menu_order":0,"comment_status":"closed","ping_status":"closed","template":"","meta":[],"_links":{"self":[{"href":"https:\/\/marekjasinski.org.pl\/index.php?rest_route=\/wp\/v2\/pages\/33"}],"collection":[{"href":"https:\/\/marekjasinski.org.pl\/index.php?rest_route=\/wp\/v2\/pages"}],"about":[{"href":"https:\/\/marekjasinski.org.pl\/index.php?rest_route=\/wp\/v2\/types\/page"}],"author":[{"embeddable":true,"href":"https:\/\/marekjasinski.org.pl\/index.php?rest_route=\/wp\/v2\/users\/1"}],"replies":[{"embeddable":true,"href":"https:\/\/marekjasinski.org.pl\/index.php?rest_route=%2Fwp%2Fv2%2Fcomments&post=33"}],"version-history":[{"count":1,"href":"https:\/\/marekjasinski.org.pl\/index.php?rest_route=\/wp\/v2\/pages\/33\/revisions"}],"predecessor-version":[{"id":34,"href":"https:\/\/marekjasinski.org.pl\/index.php?rest_route=\/wp\/v2\/pages\/33\/revisions\/34"}],"wp:attachment":[{"href":"https:\/\/marekjasinski.org.pl\/index.php?rest_route=%2Fwp%2Fv2%2Fmedia&parent=33"}],"curies":[{"name":"wp","href":"https:\/\/api.w.org\/{rel}","templated":true}]}}