{"id":31,"date":"2019-10-14T22:05:36","date_gmt":"2019-10-14T22:05:36","guid":{"rendered":"http:\/\/marekjasinski.org.pl\/?page_id=31"},"modified":"2021-09-01T03:15:22","modified_gmt":"2021-09-01T01:15:22","slug":"statut","status":"publish","type":"page","link":"https:\/\/marekjasinski.org.pl\/?page_id=31","title":{"rendered":"Statut"},"content":{"rendered":"\n<p class=\"has-text-align-center\"><strong>PREAMBU\u0141A<\/strong><\/p>\n\n\n\n<p class=\"has-text-align-center\"><em>My&nbsp;<strong>Iwona Charkiewicz<\/strong>&nbsp;i&nbsp;<strong>Alina Jasi\u0144ska<\/strong><\/em><\/p>\n\n\n\n<p class=\"has-text-align-center\"><em>w trosce o tw\u00f3rczo\u015b\u0107 Profesora Marka Jasi\u0144skiego<\/em><\/p>\n\n\n\n<p class=\"has-text-align-center\"><em>b\u0119d\u0105c\u0105 \u017ar\u00f3d\u0142em wielkich i niepodwa\u017calnych warto\u015bci:<\/em><\/p>\n\n\n\n<p class=\"has-text-align-center\"><em>pi\u0119kna, dobra, prawdy i g\u0142\u0119bokiej wiary,<\/em><\/p>\n\n\n\n<p class=\"has-text-align-center\"><em>zobowi\u0105zane do przekazania obecnym i przysz\u0142ym pokoleniom<\/em><\/p>\n\n\n\n<p class=\"has-text-align-center\"><em>cennego dorobku kompozytorskiego Profesora,<\/em><\/p>\n\n\n\n<p class=\"has-text-align-center\"><em>\u015bwiadome potrzeb propagowania sztuki na najwy\u017cszym poziomie,<\/em><\/p>\n\n\n\n<p class=\"has-text-align-center\"><em>kszta\u0142tuj\u0105cej gusty i potrzeby odbiorc\u00f3w,<\/em><\/p>\n\n\n\n<p class=\"has-text-align-center\"><em>ustanawiamy<\/em><\/p>\n\n\n\n<p class=\"has-text-align-center\"><em>\u201e<strong>Stowarzyszenie im. Profesora Marka Jasi\u0144skiego\u201d<\/strong><\/em><\/p>\n\n\n\n<p class=\"has-text-align-center\"><em>oparte na wsp\u00f3\u0142dzia\u0142aniu i wsp\u00f3\u0142pracy os\u00f3b,<\/em><\/p>\n\n\n\n<p class=\"has-text-align-center\"><em>kt\u00f3rym wy\u017cej wymienione warto\u015bci s\u0105 bliskie.<\/em><\/p>\n\n\n\n<p class=\"has-text-align-center\"><strong>ROZDZIA\u0141 I<\/strong><\/p>\n\n\n\n<p class=\"has-text-align-center\"><strong>Postanowienia og\u00f3lne<\/strong><\/p>\n\n\n\n<p class=\"has-text-align-center\"><strong>\u00a7 1<\/strong><\/p>\n\n\n\n<p>Tworzy si\u0119 stowarzyszenie o nazwie: &#8222;Stowarzyszenie im. Profesora Marka Jasi\u0144skiego&#8221;, zwane dalej &#8222;Stowarzyszeniem&#8221;.<\/p>\n\n\n\n<p class=\"has-text-align-center\"><strong>\u00a7 2<\/strong><\/p>\n\n\n\n<p>Siedzib\u0105 Stowarzyszenia jest Szczecin.<\/p>\n\n\n\n<p class=\"has-text-align-center\"><strong>\u00a7 3<\/strong><\/p>\n\n\n\n<p>Stowarzyszenie swoim dzia\u0142aniem obejmuje obszar Rzeczpospolitej Polskiej. Dla&nbsp;w\u0142a\u015bciwego i pe\u0142nego realizowania swoich cel\u00f3w Stowarzyszenie mo\u017ce prowadzi\u0107 dzia\u0142alno\u015b\u0107 poza granicami Rzeczypospolitej Polskiej.<\/p>\n\n\n\n<p class=\"has-text-align-center\"><strong>\u00a7 4<\/strong><\/p>\n\n\n\n<p>Stowarzyszenie u\u017cywa piecz\u0119ci z napisem:<\/p>\n\n\n\n<p>Stowarzyszenie im. Profesora Marka Jasi\u0144skiego<\/p>\n\n\n\n<p>70 \u2013 497 Szczecin, ul. Wyspia\u0144skiego nr 1<\/p>\n\n\n\n<p class=\"has-text-align-center\"><strong>\u00a7 5<\/strong><\/p>\n\n\n\n<p>Stowarzyszenie opiera swoj\u0105 dzia\u0142alno\u015b\u0107 na pracy spo\u0142ecznej cz\u0142onk\u00f3w jednak do&nbsp;prowadzenia swoich spraw mo\u017ce zatrudnia\u0107 pracownik\u00f3w.<\/p>\n\n\n\n<p class=\"has-text-align-center\"><strong>\u00a7 6<\/strong><\/p>\n\n\n\n<ol><li>Ustr\u00f3j Stowarzyszenia, zadania i spos\u00f3b jego tworzenia oraz tryb powo\u0142ywania w\u0142adz okre\u015blaj\u0105 przepisy ustawy &#8222;Prawo o stowarzyszeniach&#8221; (Dz. U. z 2001r. Nr&nbsp;79, poz. 855) oraz niniejszego statutu.<\/li><li>Stowarzyszenie posiada osobowo\u015b\u0107 prawn\u0105 i jest wpisane do Krajowego Rejestru S\u0105dowego.<\/li><li>Stowarzyszenie tworzy si\u0119 na czas nieokre\u015blony.<\/li><\/ol>\n\n\n\n<p class=\"has-text-align-center\"><strong>ROZDZIA\u0141 II<\/strong><\/p>\n\n\n\n<p class=\"has-text-align-center\"><strong>Cele Stowarzyszenia i sposoby ich realizacji<\/strong><\/p>\n\n\n\n<p class=\"has-text-align-center\"><strong>\u00a7 7<\/strong><\/p>\n\n\n\n<p>Celem dzia\u0142alno\u015bci Stowarzyszenia jest popularyzacja tw\u00f3rczo\u015bci profesora Marka Jasi\u0144skiego na terenie Rzeczypospolitej Polskiej i poza jej granicami zar\u00f3wno na&nbsp;rzecz cz\u0142onk\u00f3w Stowarzyszenia, jak i og\u00f3\u0142u spo\u0142eczno\u015bci.<\/p>\n\n\n\n<p class=\"has-text-align-center\"><strong>\u00a7 8<\/strong><\/p>\n\n\n\n<p>Dla realizacji swoich cel\u00f3w Stowarzyszenie zak\u0142ada podejmowanie wszelkich dzia\u0142a\u0144 maj\u0105cych na celu promocj\u0119 tw\u00f3rczo\u015bci prof. Marka Jasi\u0144skiego i ochrony praw autorskich.<\/p>\n\n\n\n<p class=\"has-text-align-center\"><strong>ROZDZIA\u0141 III<\/strong><\/p>\n\n\n\n<p class=\"has-text-align-center\"><strong>Nabycie i utrata cz\u0142onkostwa, prawa i obowi\u0105zki cz\u0142onk\u00f3w<\/strong><\/p>\n\n\n\n<p class=\"has-text-align-center\"><strong>\u00a7 9<\/strong><\/p>\n\n\n\n<ol><li>Cz\u0142onkiem zwyczajnym Stowarzyszenia mo\u017ce by\u0107 pe\u0142noletni obywatel Rzeczypospolitej Polskiej oraz cudzoziemiec niepozbawiony praw publicznych.<\/li><li>Warunkiem nabycia cz\u0142onkostwa jest z\u0142o\u017cenie o\u015bwiadczenia woli Zarz\u0105dowi o przyst\u0105pieniu do Stowarzyszenia.<\/li><\/ol>\n\n\n\n<p class=\"has-text-align-center\"><strong>\u00a7 10<\/strong><\/p>\n\n\n\n<ol><li>Osoby prawne mog\u0105 zosta\u0107 cz\u0142onkami wspieraj\u0105cymi poprzez z\u0142o\u017cenie o\u015bwiadczenia woli Zarz\u0105dowi Stowarzyszenia, kt\u00f3ry podejmuje w tej kwestii stosown\u0105 uchwa\u0142\u0119.<\/li><li>W takim samym trybie nast\u0119puje ustanie cz\u0142onkostwa wspieraj\u0105cego Stowarzyszenia.<\/li><li>Form\u0119 i rodzaj wspierania Stowarzyszenia cz\u0142onkowie wspieraj\u0105cy ustalaj\u0105 z&nbsp;Zarz\u0105dem Stowarzyszenia.<\/li><li>Cz\u0142onkowie wspieraj\u0105cy korzystaj\u0105 z praw przys\u0142uguj\u0105cych cz\u0142onkom zwyczajnym wymienionych w \u00a7 14 pkt 2, 4 \u2013 5, obowi\u0105zani s\u0105 r\u00f3wnie\u017c do dbania o dobre imi\u0119 Stowarzyszenia.<\/li><\/ol>\n\n\n\n<p class=\"has-text-align-center\"><strong>\u00a7 11<\/strong><\/p>\n\n\n\n<ol><li>Cz\u0142onkiem honorowym Stowarzyszenia mo\u017ce zosta\u0107 osoba fizyczna, kt\u00f3ra wnios\u0142a wybitny wk\u0142ad w rozw\u00f3j idei Stowarzyszenia lub w inny szczeg\u00f3lny spos\u00f3b wnios\u0142a zas\u0142ugi dla Stowarzyszenia.<\/li><li>Nadanie tytu\u0142u cz\u0142onka honorowego nast\u0119puje przez Walne Zebranie Cz\u0142onk\u00f3w Stowarzyszenia na wniosek Zarz\u0105du.<\/li><li>Cz\u0142onek honorowy posiada prawa okre\u015blone w \u00a7 14.<\/li><li>Cz\u0142onek honorowy jest zwolniony z obowi\u0105zku op\u0142acania sk\u0142adek cz\u0142onkowskich.<\/li><\/ol>\n\n\n\n<p class=\"has-text-align-center\"><strong>\u00a7 12<\/strong><\/p>\n\n\n\n<p>1. Skre\u015blenie z listy cz\u0142onk\u00f3w Stowarzyszenia nast\u0119puje przez:<\/p>\n\n\n\n<ol><li>z\u0142o\u017cenie pisemnej rezygnacji na r\u0119ce Zarz\u0105du;<\/li><li>wykluczenie przez Zarz\u0105d:<br><ol><li>z powodu nieusprawiedliwionej nieobecno\u015bci podczas corocznej sesji;<\/li><li>w przypadku dzia\u0142alno\u015bci sprzecznej ze statutem i uchwa\u0142ami Stowarzyszenia oraz dzia\u0142ania na szkod\u0119 Stowarzyszenia lub&nbsp;dopuszczenia si\u0119 czyn\u00f3w niegodnych cz\u0142onka Stowarzyszenia;<\/li><\/ol><\/li><li>utraty zdolno\u015bci do czynno\u015bci prawnych;<\/li><li>\u015bmierci cz\u0142onka.<\/li><\/ol>\n\n\n\n<p>2. Od uchwa\u0142y Zarz\u0105du w przedmiocie skre\u015blenia cz\u0142onkowi przys\u0142uguje odwo\u0142anie do Walnego Zebrania Cz\u0142onk\u00f3w na co najmniej 21 dni przed terminem Walnego Zebrania. Uchwa\u0142a Walnego Zebrania jest ostateczna.<\/p>\n\n\n\n<p class=\"has-text-align-center\"><strong>\u00a7 13<\/strong><\/p>\n\n\n\n<p>Cz\u0142onkowi, kt\u00f3ry na w\u0142asny wniosek wyst\u0105pi\u0142 za Stowarzyszenia przys\u0142uguje prawo ponownego wst\u0105pienia na og\u00f3lnie przyj\u0119tych zasadach.<\/p>\n\n\n\n<p class=\"has-text-align-center\"><strong>\u00a7 14<\/strong><\/p>\n\n\n\n<p>Cz\u0142onkowie zwyczajni Stowarzyszenia maj\u0105 prawo:<\/p>\n\n\n\n<ol><li>wybiera\u0107 i by\u0107 wybieranym do w\u0142adz Stowarzyszenia;<\/li><li>zg\u0142asza\u0107 wnioski we wszystkich sprawach dotycz\u0105cych cel\u00f3w i funkcjonowania Stowarzyszenia;<\/li><li>bra\u0107 udzia\u0142 w inicjatywach organizowanych przez Stowarzyszenie;<\/li><li>przyjmowa\u0107 odznaczenia i nagrody z tytu\u0142u zas\u0142ug dla Stowarzyszenia;<\/li><li>korzysta\u0107 z innych mo\u017cliwo\u015bci, jakie stwarza swoim cz\u0142onkom Stowarzyszenie.<\/li><\/ol>\n\n\n\n<p class=\"has-text-align-center\"><strong>\u00a7 15<\/strong><\/p>\n\n\n\n<p>Cz\u0142onkowie zwyczajni Stowarzyszenia maj\u0105 obowi\u0105zek:<\/p>\n\n\n\n<ol><li>wykonywa\u0107 spo\u0142ecznie wszelkie obowi\u0105zki wynikaj\u0105ce ze statutu i uchwa\u0142;<\/li><li>bra\u0107 udzia\u0142 oraz przyczynia\u0107 si\u0119 do wysokiego poziomu inicjatyw podejmowanych przez Stowarzyszenie;<\/li><li>dba\u0107 o dobre imi\u0119 Stowarzyszenia;<\/li><li>regularnie p\u0142aci\u0107 sk\u0142adki;<\/li><li>szanowa\u0107 mienie Stowarzyszenia.<\/li><\/ol>\n\n\n\n<p class=\"has-text-align-center\"><strong>ROZDZIA\u0141 IV<\/strong><\/p>\n\n\n\n<p class=\"has-text-align-center\"><strong>W\u0142adze Stowarzyszenia<\/strong><\/p>\n\n\n\n<p class=\"has-text-align-center\"><strong>\u00a7 16<\/strong><\/p>\n\n\n\n<p>W\u0142adzami Stowarzyszenia s\u0105:<\/p>\n\n\n\n<p>1) Walne Zebranie Cz\u0142onk\u00f3w zwane dalej &#8222;Walnym Zebraniem&#8221;;<\/p>\n\n\n\n<p>2) Zarz\u0105d;<\/p>\n\n\n\n<p>3) Komisja Rewizyjna zwana dalej \u201eKomisj\u0105\u201d.<\/p>\n\n\n\n<p class=\"has-text-align-center\"><strong>\u00a7 17<\/strong><\/p>\n\n\n\n<p>Kadencja wszystkich w\u0142adz wybieralnych Stowarzyszenia trwa 3 lata.<\/p>\n\n\n\n<p class=\"has-text-align-center\"><strong>\u00a7 18<\/strong><\/p>\n\n\n\n<p>Uchwa\u0142y wszystkich w\u0142adz Stowarzyszenia zapadaj\u0105 zwyk\u0142\u0105 wi\u0119kszo\u015bci\u0105 g\u0142os\u00f3w przy obecno\u015bci co najmniej po\u0142owy cz\u0142onk\u00f3w uprawnionych do g\u0142osowania, je\u015bli postanowienia niniejszego statutu nie stanowi\u0105 inaczej.<\/p>\n\n\n\n<p class=\"has-text-align-center\"><strong>Walne Zebranie<\/strong><\/p>\n\n\n\n<p class=\"has-text-align-center\"><strong>\u00a7 19<\/strong><\/p>\n\n\n\n<ol><li>Najwy\u017csz\u0105 w\u0142adz\u0105 Stowarzyszenia jest Walne Zebranie.<\/li><li>Walne Zebranie zwo\u0142uje Zarz\u0105d co najmniej jeden raz na dwana\u015bcie miesi\u0119cy, najp\u00f3\u017aniej do ko\u0144ca wrze\u015bnia roku kalendarzowego.<\/li><li>O terminie, miejscu i propozycjach porz\u0105dku obrad Walnego Zebrania Zarz\u0105d zawiadamia najp\u00f3\u017aniej na 14 dni przed dniem Zebrania.<\/li><li>W walnym Zebraniu winna uczestniczy\u0107 co najmniej po\u0142owa cz\u0142onk\u00f3w uprawnionych do g\u0142osowania w pierwszym terminie, a w drugim terminie, kt\u00f3ry mo\u017ce by\u0107 wyznaczony o godzin\u0119 p\u00f3\u017aniej tego samego dnia, mo\u017ce ono skutecznie obradowa\u0107 bez wzgl\u0119du na liczb\u0119 uczestnik\u00f3w.<\/li><li>Walne Zebranie mo\u017ce podejmowa\u0107 uchwa\u0142y we wszystkich sprawach Stowarzyszenia, co do kt\u00f3rych statut nie przewiduje w\u0142a\u015bciwo\u015bci innych w\u0142adz.<\/li><\/ol>\n\n\n\n<p class=\"has-text-align-center\"><strong>\u00a7 20<\/strong><\/p>\n\n\n\n<ol><li>W Walnym Zebraniu mog\u0105 uczestniczy\u0107 cz\u0142onkowie zwyczajni Stowarzyszenia oraz, z g\u0142osem doradczym, cz\u0142onkowie wspieraj\u0105cy i zaproszeni go\u015bcie.<\/li><li>Ka\u017cdemu cz\u0142onkowi zwyczajnemu przys\u0142uguje jeden g\u0142os.<\/li><\/ol>\n\n\n\n<p class=\"has-text-align-center\"><strong>\u00a7 21<\/strong><\/p>\n\n\n\n<p>Zarz\u0105d mo\u017ce zwo\u0142a\u0107 nadzwyczajne Walne Zebranie w przypadku:<\/p>\n\n\n\n<ol><li>zg\u0142oszenia w\u0142asnej inicjatywy;<\/li><li>z\u0142o\u017cenia mandat\u00f3w przez co najmniej 1\/3 sk\u0142adu Zarz\u0105du;<\/li><li>z\u0142o\u017cenia pisemnego wniosku przez co najmniej 10 pe\u0142noprawnych cz\u0142onk\u00f3w z podaniem proponowanego porz\u0105dku zebrania.<\/li><\/ol>\n\n\n\n<p class=\"has-text-align-center\"><strong>\u00a7 22<\/strong><\/p>\n\n\n\n<p>Do kompetencji Walnego Zebrania nale\u017cy:<\/p>\n\n\n\n<p>1) wyznaczanie g\u0142\u00f3wnych kierunk\u00f3w dzia\u0142alno\u015bci Stowarzyszenia;<\/p>\n\n\n\n<p>2) wyb\u00f3r cz\u0142onk\u00f3w Zarz\u0105du i Komisji Rewizyjnej;<\/p>\n\n\n\n<p>3) rozpatrywanie i zatwierdzanie:<\/p>\n\n\n\n<ol><li>sprawozda\u0144 z dzia\u0142alno\u015bci Zarz\u0105du,<\/li><li>sprawozda\u0144 z dzia\u0142alno\u015bci Komisji;<\/li><li>wniosk\u00f3w zg\u0142oszonych przez Zarz\u0105d i Komisj\u0119;<\/li><\/ol>\n\n\n\n<p>4) udzielanie absolutorium ust\u0119puj\u0105cemu Zarz\u0105dowi na wniosek Komisji;<\/p>\n\n\n\n<p>5) podejmowanie uchwa\u0142 wprowadzaj\u0105cych zmiany sk\u0142adek cz\u0142onkowskich;<\/p>\n\n\n\n<p>6) podejmowanie uchwa\u0142 wprowadzaj\u0105cych zmiany w statucie;<\/p>\n\n\n\n<p>7) podejmowanie uchwa\u0142 na wniosek Zarz\u0105du, Komisji lub cz\u0142onk\u00f3w Stowarzyszenia;<\/p>\n\n\n\n<p>8) podejmowanie uchwa\u0142y rozwi\u0105zuj\u0105cej Stowarzyszenie.<\/p>\n\n\n\n<p class=\"has-text-align-center\"><strong>Zarz\u0105d<\/strong><\/p>\n\n\n\n<p class=\"has-text-align-center\"><strong>\u00a7 23<\/strong><\/p>\n\n\n\n<ol><li>Zarz\u0105d sk\u0142ada si\u0119 z 3 cz\u0142onk\u00f3w.<\/li><li>Zarz\u0105d sk\u0142ada si\u0119 z Prezesa, Wiceprezesa oraz z Sekretarza.<\/li><li>Zarz\u0105d konstytuuje si\u0119 na pierwszym po wyborach zebraniu.<\/li><\/ol>\n\n\n\n<p class=\"has-text-align-center\"><strong>\u00a7 24<\/strong><\/p>\n\n\n\n<ol><li>Kadencja rozpoczyna si\u0119 z dniem wyboru Zarz\u0105du przez Walne Zebranie i trwa do&nbsp;dnia poprzedzaj\u0105cego dzie\u0144 wyboru nowego Zarz\u0105du.<\/li><li>W szczeg\u00f3lnych przypadkach termin wyboru nowego Zarz\u0105du mo\u017ce ulec przesuni\u0119ciu, nie d\u0142u\u017cej jednak ni\u017c 6 miesi\u0119cy od up\u0142ywu poprzedniej kadencji.<\/li><li>W przypadku z\u0142o\u017cenia funkcji przez cz\u0142onka Zarz\u0105du przed up\u0142ywem kadencji, Zarz\u0105d na wniosek Prezesa ma prawo kooptacji nowego cz\u0142onka. Liczba dokooptowanych cz\u0142onk\u00f3w nie mo\u017ce przekroczy\u0107 1\/3 poprzednio zatwierdzonego sk\u0142adu.<\/li><li>Przepis ust\u0119pu poprzedzaj\u0105cego stosuje si\u0119 odpowiednio w przypadku z\u0142o\u017cenia funkcji przez cz\u0142onka Komisji.<\/li><\/ol>\n\n\n\n<p class=\"has-text-align-center\"><strong>\u00a7 25<\/strong><\/p>\n\n\n\n<p>Walne Zebranie odwo\u0142uje Zarz\u0105d w g\u0142osowaniu tajnym zwyk\u0142\u0105 wi\u0119kszo\u015bci\u0105 g\u0142os\u00f3w przy obecno\u015bci co najmniej po\u0142owy og\u00f3lnej liczby cz\u0142onk\u00f3w uprawnionych do&nbsp;g\u0142osowania.<\/p>\n\n\n\n<p class=\"has-text-align-center\"><strong>\u00a7<\/strong><strong>26<\/strong><\/p>\n\n\n\n<p>Do kompetencji Zarz\u0105du nale\u017cy:<\/p>\n\n\n\n<ol><li>zarz\u0105dzanie maj\u0105tkiem Stowarzyszenia w celu realizacji zada\u0144 statutowych;<\/li><li>reprezentowanie Stowarzyszenia na zewn\u0105trz;uchwalanie planu zada\u0144 i bud\u017cetu Stowarzyszenia;<\/li><li>zwo\u0142ywanie Walnego Zebrania;<\/li><li>przyjmowanie i skre\u015blanie cz\u0142onk\u00f3w z listy Stowarzyszenia;<\/li><li>organizowanie \u017cycia wewn\u0119trznego Stowarzyszenia.<\/li><\/ol>\n\n\n\n<p class=\"has-text-align-center\"><strong>\u00a7 27<\/strong><\/p>\n\n\n\n<ol><li>Posiedzenia Zarz\u0105du zwo\u0142uje Prezes, a w czasie jego nieobecno\u015bci Wiceprezes.<\/li><li>Dla wa\u017cno\u015bci uchwa\u0142 Zarz\u0105du wymagana jest obecno\u015b\u0107 Prezesa lub&nbsp;Wiceprezesa.<\/li><li>Uchwa\u0142y Zarz\u0105du protoko\u0142uje si\u0119 w ksi\u0119dze protoko\u0142\u00f3w. Protok\u00f3\u0142 posiedzenia podpisuj\u0105 wszyscy uczestnicy.<\/li><\/ol>\n\n\n\n<p class=\"has-text-align-center\"><strong>Komisja Rewizyjna<\/strong><\/p>\n\n\n\n<p class=\"has-text-align-center\"><strong>\u00a7 28<\/strong><\/p>\n\n\n\n<ol><li>Komisja Rewizyjna jest organem kontrolno &#8211; rewizyjnym powo\u0142anym do czuwania nad istotnymi sprawami Stowarzyszenia.<\/li><li>W sk\u0142ad Komisji Rewizyjnej wchodzi od 1 do 2 cz\u0142onk\u00f3w wybieranych przez Walne Zebranie.<\/li><li>Komisja wy\u0142ania ze swego sk\u0142adu przewodnicz\u0105cego.<\/li><li>Cz\u0142onkowie Komisji nie mog\u0105 by\u0107:<ol><li>cz\u0142onkami Zarz\u0105du ani pozostawa\u0107 z nimi w stosunku pokrewie\u0144stwa, powinowactwa lub podleg\u0142o\u015bci z tytu\u0142u zatrudnienia;<\/li><li>osoby skazane prawomocnym wyrokiem za przest\u0119pstwo z winy umy\u015blnej.<\/li><\/ol><\/li><li>Cz\u0142onkowie Komisji mog\u0105 otrzymywa\u0107 z tytu\u0142u pe\u0142nienia funkcji w takim organie zwrot uzasadnionych koszt\u00f3w.<\/li><\/ol>\n\n\n\n<p class=\"has-text-align-center\"><strong>\u00a7 29<\/strong><\/p>\n\n\n\n<ol><li>Do kompetencji Komisji nale\u017cy:<ol><li>przeprowadzanie rewizji ksi\u0105g rachunkowych i innych dokument\u00f3w, a tak\u017ce bilansu oraz stanu maj\u0105tkowego Stowarzyszenia;<\/li><li>kontrola bie\u017c\u0105cej pracy Stowarzyszenia.<\/li><\/ol><\/li><li>Z ka\u017cdej przeprowadzonej kontroli Komisja obowi\u0105zana jest z\u0142o\u017cy\u0107 Walnemu Zebraniu pisemne sprawozdanie.<\/li><\/ol>\n\n\n\n<p class=\"has-text-align-center\"><strong>ROZDZIA\u0141 V<\/strong><\/p>\n\n\n\n<p class=\"has-text-align-center\"><strong>Maj\u0105tek oraz spos\u00f3b reprezentowania i zaci\u0105gania zobowi\u0105za\u0144 maj\u0105tkowych<\/strong><\/p>\n\n\n\n<p class=\"has-text-align-center\"><strong>\u00a7 30<\/strong><\/p>\n\n\n\n<ol><li>Maj\u0105tek Stowarzyszenia powstaje ze:<ol><li>sk\u0142adek cz\u0142onkowskich;<\/li><li>darowizn;<\/li><li>spadk\u00f3w;<\/li><li>zapis\u00f3w;<\/li><li>dotacji;<\/li><li>wp\u0142yw\u00f3w z koncert\u00f3w;<\/li><li>dofinansowania instytucji patronackich;<\/li><li>otrzymywanych nagr\u00f3d;<\/li><li>wp\u0142yw\u00f3w z reklam i sponsoringu.<\/li><\/ol><\/li><li>Maj\u0105tkiem i \u015brodkami finansowymi Stowarzyszenia zarz\u0105dza Zarz\u0105d.<\/li><li>Zabrania si\u0119:<ol><li>udzielania po\u017cyczek lub zabezpieczenia zobowi\u0105za\u0144 maj\u0105tkiem Stowarzyszenia w stosunku do jego cz\u0142onk\u00f3w, cz\u0142onk\u00f3w organ\u00f3w lub&nbsp;pracownik\u00f3w oraz os\u00f3b, z kt\u00f3rymi pracownicy pozostaj\u0105 w zwi\u0105zku ma\u0142\u017ce\u0144skim albo w stosunku pokrewie\u0144stwa lub powinowactwa w linii prostej, pokrewie\u0144stwa lub powinowactwa w linii bocznej do drugiego stopnia albo s\u0105&nbsp;zwi\u0105zani z tytu\u0142u przysposobienia, opieki lub kurateli;<\/li><li>przekazywania maj\u0105tku Stowarzyszenia na rzecz ich cz\u0142onk\u00f3w, cz\u0142onk\u00f3w organ\u00f3w lub pracownik\u00f3w oraz ich os\u00f3b bliskich, na zasadach innych ni\u017c w&nbsp;stosunku do os\u00f3b trzecich, w szczeg\u00f3lno\u015bci je\u017celi przekazanie to nast\u0119puje bezp\u0142atnie lub na preferencyjnych warunkach;<\/li><li>wykorzystywania maj\u0105tku na rzecz cz\u0142onk\u00f3w, cz\u0142onk\u00f3w organ\u00f3w lub&nbsp;pracownik\u00f3w oraz ich os\u00f3b bliskich, na zasadach innych ni\u017c w stosunku do&nbsp;os\u00f3b trzecich, chyba \u017ce to wykorzystanie bezpo\u015brednio wynika ze&nbsp;statutowego celu Stowarzyszenia;<\/li><li>zakupu na szczeg\u00f3lnych zasadach towar\u00f3w lub us\u0142ug od podmiot\u00f3w, w&nbsp;kt\u00f3rych uczestnicz\u0105 cz\u0142onkowie Stowarzyszenia, cz\u0142onkowie jego organ\u00f3w lub pracownicy oraz ich os\u00f3b bliskich.<\/li><\/ol><\/li><\/ol>\n\n\n\n<p class=\"has-text-align-center\"><strong>\u00a7 31<\/strong><\/p>\n\n\n\n<p>Umowy, pe\u0142nomocnictwa oraz wszelkie o\u015bwiadczenia woli, kt\u00f3re poci\u0105gaj\u0105 za sob\u0105 zobowi\u0105zania pieni\u0119\u017cne lub zmiany w maj\u0105tku Stowarzyszenia wymagaj\u0105 dla swej wa\u017cno\u015bci podpisania przez Prezesa Zarz\u0105du albo Wiceprezesa b\u0105d\u017a Sekretarza samodzielnie.<\/p>\n\n\n\n<p class=\"has-text-align-center\"><strong>ROZDZIA\u0141 VI<\/strong><\/p>\n\n\n\n<p class=\"has-text-align-center\"><strong>Zasady dokonywania zmian statutu<\/strong><\/p>\n\n\n\n<p class=\"has-text-align-center\"><strong>\u00a7 32<\/strong><\/p>\n\n\n\n<p>Zmiany statutu Stowarzyszenia wymagaj\u0105 dla swej wa\u017cno\u015bci uchwa\u0142y Walnego Zebrania podj\u0119tej wi\u0119kszo\u015bci\u0105 4\/5 g\u0142os\u00f3w przy obecno\u015bci co najmniej 2\/3 cz\u0142onk\u00f3w uprawnionych do g\u0142osowania.<\/p>\n\n\n\n<p class=\"has-text-align-center\"><strong>ROZDZIA\u0141 VII<\/strong><\/p>\n\n\n\n<p class=\"has-text-align-center\"><strong>Spos\u00f3b rozwi\u0105zania i likwidacji Stowarzyszenia<\/strong><\/p>\n\n\n\n<p class=\"has-text-align-center\"><strong>\u00a7 33<\/strong><\/p>\n\n\n\n<p>Stowarzyszenie rozwi\u0105zuje si\u0119 na podstawie uchwa\u0142y Walnego Zebrania podj\u0119tej wi\u0119kszo\u015bci\u0105 4\/5 g\u0142os\u00f3w przy obecno\u015bci co najmniej 2\/3 cz\u0142onk\u00f3w uprawnionych do&nbsp;g\u0142osowania.<\/p>\n\n\n\n<p class=\"has-text-align-center\"><strong>\u00a7 34<\/strong><\/p>\n\n\n\n<p>W przypadku wszcz\u0119cia likwidacji Walne Zebranie obowi\u0105zane jest powo\u0142a\u0107 komisj\u0119 likwidacyjn\u0105.<\/p>\n\n\n\n<p class=\"has-text-align-center\"><strong>\u00a7 35<\/strong><\/p>\n\n\n\n<p>Komisja likwidacyjna obowi\u0105zana jest w szczeg\u00f3lno\u015bci:<\/p>\n\n\n\n<ol><li>okre\u015bli\u0107 spos\u00f3b likwidacji Stowarzyszenia;<\/li><li>zawiadomi\u0107 s\u0105d rejestrowy o wszcz\u0119ciu likwidacji i wyznaczeniu likwidatora;<\/li><li>dokonywa\u0107 czynno\u015bci prawnych niezb\u0119dnych do przeprowadzania likwidacji;<\/li><li>po zako\u0144czeniu likwidacji zg\u0142osi\u0107 wniosek o wykre\u015blenie Stowarzyszenia z&nbsp;Krajowego Rejestru S\u0105dowego.<\/li><\/ol>\n\n\n\n<p class=\"has-text-align-center\"><strong>\u00a7 36<\/strong><\/p>\n\n\n\n<ol><li>Po przeprowadzeniu likwidacji przedmioty o warto\u015bci moralnej, takie jak: odznaczenia, nagrody, dyplomy, kroniki, pami\u0105tki itp., komisja likwidacyjna obowi\u0105zana jest umie\u015bci\u0107 w zbiorach wybranej przez siebie instytucji kulturalnej w&nbsp;Szczecinie.<\/li><li>W sprawach nieuregulowanych niniejszym statutem zastosowanie maj\u0105 przepisy Prawa o stowarzyszeniach.<\/li><\/ol>\n","protected":false},"excerpt":{"rendered":"<p>PREAMBU\u0141A My&nbsp;Iwona Charkiewicz&nbsp;i&nbsp;Alina Jasi\u0144ska w trosce o tw\u00f3rczo\u015b\u0107 Profesora Marka Jasi\u0144skiego b\u0119d\u0105c\u0105 \u017ar\u00f3d\u0142em wielkich i niepodwa\u017calnych warto\u015bci: pi\u0119kna, dobra, prawdy i g\u0142\u0119bokiej wiary, zobowi\u0105zane do przekazania obecnym i przysz\u0142ym pokoleniom cennego dorobku kompozytorskiego Profesora, \u015bwiadome potrzeb propagowania sztuki na najwy\u017cszym poziomie, kszta\u0142tuj\u0105cej gusty i potrzeby odbiorc\u00f3w, ustanawiamy \u201eStowarzyszenie im. Profesora Marka Jasi\u0144skiego\u201d oparte na wsp\u00f3\u0142dzia\u0142aniu [&hellip;]<\/p>\n","protected":false},"author":1,"featured_media":0,"parent":0,"menu_order":0,"comment_status":"closed","ping_status":"closed","template":"","meta":[],"_links":{"self":[{"href":"https:\/\/marekjasinski.org.pl\/index.php?rest_route=\/wp\/v2\/pages\/31"}],"collection":[{"href":"https:\/\/marekjasinski.org.pl\/index.php?rest_route=\/wp\/v2\/pages"}],"about":[{"href":"https:\/\/marekjasinski.org.pl\/index.php?rest_route=\/wp\/v2\/types\/page"}],"author":[{"embeddable":true,"href":"https:\/\/marekjasinski.org.pl\/index.php?rest_route=\/wp\/v2\/users\/1"}],"replies":[{"embeddable":true,"href":"https:\/\/marekjasinski.org.pl\/index.php?rest_route=%2Fwp%2Fv2%2Fcomments&post=31"}],"version-history":[{"count":2,"href":"https:\/\/marekjasinski.org.pl\/index.php?rest_route=\/wp\/v2\/pages\/31\/revisions"}],"predecessor-version":[{"id":168,"href":"https:\/\/marekjasinski.org.pl\/index.php?rest_route=\/wp\/v2\/pages\/31\/revisions\/168"}],"wp:attachment":[{"href":"https:\/\/marekjasinski.org.pl\/index.php?rest_route=%2Fwp%2Fv2%2Fmedia&parent=31"}],"curies":[{"name":"wp","href":"https:\/\/api.w.org\/{rel}","templated":true}]}}