{"id":20,"date":"2019-10-14T21:40:29","date_gmt":"2019-10-14T21:40:29","guid":{"rendered":"http:\/\/marekjasinski.org.pl\/?page_id=20"},"modified":"2022-09-13T19:21:53","modified_gmt":"2022-09-13T17:21:53","slug":"sylwetka","status":"publish","type":"page","link":"https:\/\/marekjasinski.org.pl\/","title":{"rendered":"Stowarzyszenie im. prof. Marka Jasi\u0144skiego"},"content":{"rendered":"\n<h2>SONI SPATIUM &#8211; Mi\u0119dzynarodowy Festiwal im. prof. Marka Jasi\u0144skiego<\/h2>\n\n\n\n<p>Szanowni Pa\u0144stwo,<\/p>\n\n\n\n<p>W dniach 16-18.09.2022 r. w Stargardzie odb\u0119dzie si\u0119 druga edycja Mi\u0119dzynarodowego Festiwalu im. prof. Marka Jasi\u0144skiego Soni Spatium. Przes\u0142aniem tegorocznego Festiwalu jest tytu\u0142 kompozycji Marka Jasi\u0144skiego MATER OMNIUM SAPIENTIA \u2013 MATKA WSZELKIEJ M\u0104DRO\u015aCI.<\/p>\n\n\n\n<p>\u201eW muzyce profesora Marka Jasi\u0144skiego zawarte jest pi\u0119kno, dobro, prawda i g\u0142\u0119boka wiara, niepodwa\u017calne warto\u015bci m\u0105dro\u015bci, kt\u00f3re wype\u0142niaj\u0105 przestrze\u0144 ko\u015bcio\u0142\u00f3w i sal koncertowych\u201d pisz\u0105 organizatorzy wydarzenia. \u201e\u017byczymy Pa\u0144stwu, aby dni Festiwalu by\u0142y dla Pa\u0144stwa czasem refleksji, zadumy i pi\u0119knych prze\u017cy\u0107 powodowanych odbiorem muzyki tego wielkiego i m\u0105drego polskiego kompozytora\u201d.<\/p>\n\n\n\n<p>Dyrektorem festiwalu jest Grzegorz Konopczy\u0144ski, dyrektorem kreatywnym \u2013 Iwona Charkiewicz, a dyrektorem artystycznym \u2013 Szymon Wyrzykowski.<\/p>\n\n\n\n<p>Koncerty oraz inne wydarzenia w ramach Mi\u0119dzynarodowego Festiwalu im. prof. Marka Jasi\u0144skiego Soni Spatium w Stargardzie s\u0105 BEZP\u0141ATNE. Nie obowi\u0105zuje rezerwacja miejsc.<\/p>\n\n\n\n<p>\u017byczymy Pa\u0144stwu, aby dni Festiwalu by\u0142y dla Pa\u0144stwa czasem refleksji, zadumy, pi\u0119knych prze\u017cy\u0107 powodowanych odbiorem muzyki tego wielkiego, polskiego kompozytora.<\/p>\n\n\n\n<p><a href=\"https:\/\/marekjasinski.org.pl\/?p=248\" data-type=\"post\" data-id=\"248\">Program festiwalu &lt;kliknij, aby otworzy\u0107><\/a><\/p>\n\n\n\n<figure class=\"wp-block-image size-large\"><img loading=\"lazy\" width=\"1024\" height=\"576\" src=\"http:\/\/marekjasinski.org.pl\/wp-content\/uploads\/2022\/09\/1662975056_nowy-1024x576.jpg\" alt=\"\" class=\"wp-image-254\" srcset=\"https:\/\/marekjasinski.org.pl\/wp-content\/uploads\/2022\/09\/1662975056_nowy-1024x576.jpg 1024w, https:\/\/marekjasinski.org.pl\/wp-content\/uploads\/2022\/09\/1662975056_nowy-300x169.jpg 300w, https:\/\/marekjasinski.org.pl\/wp-content\/uploads\/2022\/09\/1662975056_nowy-768x432.jpg 768w, https:\/\/marekjasinski.org.pl\/wp-content\/uploads\/2022\/09\/1662975056_nowy-1536x864.jpg 1536w, https:\/\/marekjasinski.org.pl\/wp-content\/uploads\/2022\/09\/1662975056_nowy.jpg 1920w\" sizes=\"(max-width: 1024px) 100vw, 1024px\" \/><\/figure>\n\n\n\n<h1>Marek Jasi\u0144ski &#8211; biografia kompozytora<\/h1>\n\n\n<div class=\"wp-block-image\">\n<figure class=\"alignright\"><a href=\"http:\/\/marekjasinski.org.pl\/?page_id=2\"><img src=\"http:\/\/marekjasinski.org.pl\/wp-content\/uploads\/2019\/10\/Marek-Jasinski-biografia-kompozytora_it8_r_194x800.jpg\" alt=\"Marek Jasi\u0144ski - biografia kompozytora\"\/><\/a><\/figure><\/div>\n\n\n<p>MAREK JASI\u0143SKI urodzi\u0142 si\u0119 10 wrze\u015bnia 1949 roku w Stargardzie Szczeci\u0144skim, zmar\u0142 nagle&nbsp; 15 lutego 2010 roku w Cluj-Napoca w Rumunii podczas zaj\u0119\u0107 prowadzonych w ramach Europejskiego Programu FABREC, reprezentuj\u0105c Akademi\u0119 Muzyczn\u0105 im. Feliksa&nbsp; Nowowiejskiego w Bydgoszczy.<\/p>\n\n\n\n<p>Kompozytor, pedagog, profesor Akademii Muzycznej w&nbsp;Poznaniu i Akademii Muzycznej w Bydgoszczy.<\/p>\n\n\n\n<figure class=\"wp-block-image\"><a href=\"http:\/\/marekjasinski.org.pl\/?page_id=2\"><img src=\"http:\/\/marekjasinski.org.pl\/wp-content\/uploads\/2019\/10\/wiecej-c.png\" alt=\"Czytaj dalej\"\/><\/a><\/figure>\n\n\n\n<h1>Tw\u00f3rczo\u015b\u0107 Marka Jasi\u0144skiego<\/h1>\n\n\n<div class=\"wp-block-image\">\n<figure class=\"alignright\"><a href=\"http:\/\/marekjasinski.org.pl\/?page_id=17\"><img src=\"http:\/\/marekjasinski.org.pl\/wp-content\/uploads\/2019\/10\/Tworczosc-Marka-Jasinskiego_it9_r_194x800.jpg\" alt=\"Tw\u00f3rczo\u015b\u0107 Marka Jasi\u0144skiego\"\/><\/a><\/figure><\/div>\n\n\n<p>W tw\u00f3rczo\u015bci Marka Jasi\u0144skiego wyr\u00f3\u017cni\u0107 mo\u017cna nurt muzyki wokalnej i wokalno- instrumentalnej, nurt muzyki instrumentalnej komponowanej na r\u00f3\u017cne sk\u0142ady, pocz\u0105wszy od muzyki orkiestrowej, poprzez muzyk\u0119 kameraln\u0105, oraz t\u0119 pisan\u0105 na instrumenty solowe, a\u017c po dzie\u0142a sceniczne.<br><br>Na pewno sfera ekspresji, w\u0142a\u015bciwa r\u00f3\u017cnym instrumentom, dawa\u0142a kompozytorowi ogromne mo\u017cliwo\u015bci poszukiwa\u0144 nowych brzmie\u0144 i technik wykonawczych. Jednak najwi\u0119kszy obszar tw\u00f3rczy kompozytora wype\u0142nia\u0142a muzyka wokalna i wokalno-instrumentalna. To w\u0142a\u015bnie ten nurt by\u0142 kompozytorowi najbli\u017cszy i&nbsp; tu realizowa\u0142 swoje poetycko-muzyczne przes\u0142ania.<br><br>Wi\u0119kszo\u015b\u0107 kompozycji tego nurtu powsta\u0142a do wers\u00f3w zaczerpni\u0119tych z psalm\u00f3w.<\/p>\n\n\n\n<figure class=\"wp-block-image\"><a href=\"http:\/\/marekjasinski.org.pl\/?page_id=17\"><img src=\"http:\/\/marekjasinski.org.pl\/wp-content\/uploads\/2019\/10\/wiecej-c.png\" alt=\"Czytaj dalej\"\/><\/a><\/figure>\n","protected":false},"excerpt":{"rendered":"<p>SONI SPATIUM &#8211; Mi\u0119dzynarodowy Festiwal im. prof. Marka Jasi\u0144skiego Szanowni Pa\u0144stwo, W dniach 16-18.09.2022 r. w Stargardzie odb\u0119dzie si\u0119 druga edycja Mi\u0119dzynarodowego Festiwalu im. prof. Marka Jasi\u0144skiego Soni Spatium. Przes\u0142aniem tegorocznego Festiwalu jest tytu\u0142 kompozycji Marka Jasi\u0144skiego MATER OMNIUM SAPIENTIA \u2013 MATKA WSZELKIEJ M\u0104DRO\u015aCI. \u201eW muzyce profesora Marka Jasi\u0144skiego zawarte jest pi\u0119kno, dobro, prawda i [&hellip;]<\/p>\n","protected":false},"author":1,"featured_media":0,"parent":0,"menu_order":0,"comment_status":"closed","ping_status":"closed","template":"","meta":[],"_links":{"self":[{"href":"https:\/\/marekjasinski.org.pl\/index.php?rest_route=\/wp\/v2\/pages\/20"}],"collection":[{"href":"https:\/\/marekjasinski.org.pl\/index.php?rest_route=\/wp\/v2\/pages"}],"about":[{"href":"https:\/\/marekjasinski.org.pl\/index.php?rest_route=\/wp\/v2\/types\/page"}],"author":[{"embeddable":true,"href":"https:\/\/marekjasinski.org.pl\/index.php?rest_route=\/wp\/v2\/users\/1"}],"replies":[{"embeddable":true,"href":"https:\/\/marekjasinski.org.pl\/index.php?rest_route=%2Fwp%2Fv2%2Fcomments&post=20"}],"version-history":[{"count":6,"href":"https:\/\/marekjasinski.org.pl\/index.php?rest_route=\/wp\/v2\/pages\/20\/revisions"}],"predecessor-version":[{"id":255,"href":"https:\/\/marekjasinski.org.pl\/index.php?rest_route=\/wp\/v2\/pages\/20\/revisions\/255"}],"wp:attachment":[{"href":"https:\/\/marekjasinski.org.pl\/index.php?rest_route=%2Fwp%2Fv2%2Fmedia&parent=20"}],"curies":[{"name":"wp","href":"https:\/\/api.w.org\/{rel}","templated":true}]}}